{"id":4,"date":"2012-12-12T10:22:19","date_gmt":"2012-12-12T10:22:19","guid":{"rendered":"http:\/\/www.dehedera.nl\/friksbeheer\/?page_id=4"},"modified":"2018-08-06T21:04:58","modified_gmt":"2018-08-06T19:04:58","slug":"home","status":"publish","type":"page","link":"https:\/\/www.dehedera.nl\/de\/","title":{"rendered":"Bed and Breakfast, Leeuwarden"},"content":{"rendered":"<p><\/p>\n<div class=\"left-col\"><img loading=\"lazy\" decoding=\"async\" class=\"alignnone  wp-image-272\" alt=\"Bed Breakfast Leeuwarden\" src=\"http:\/\/www.dehedera.nl\/friksbeheer\/wp-content\/uploads\/2012\/12\/als-eerste.jpg\" width=\"210\" height=\"158\" srcset=\"https:\/\/www.dehedera.nl\/friksbeheer\/wp-content\/uploads\/2012\/12\/als-eerste.jpg 350w, https:\/\/www.dehedera.nl\/friksbeheer\/wp-content\/uploads\/2012\/12\/als-eerste-300x225.jpg 300w\" sizes=\"auto, (max-width: 210px) 100vw, 210px\" \/><br \/>\nDe Hedera<\/div>\n<div class=\"center-col\">\n<p><strong>Das Bed &#038; Breakfast de Hedera liegt nur 5 Minuten vom unterhaltsamen Zentrum Leeuwardens entfernt.<\/strong><\/p>\n<p>Wir bieten sowohl Touristen, Romantikern und Gesch\u00e4ftsreisenden einen idealen Ort f\u00fcr einen warmen und stimmungsvollen Aufenthalt in einem der luxori\u00f6s eingerichteten <a href=\"\/kamers\">Zimmer<\/a> mit ausreichender Privatsph\u00e4re.<\/p>\n<\/div>\n<div class=\"right-col\"><img decoding=\"async\" alt=\"\" src=\"http:\/\/www.dehedera.nl\/friksbeheer\/wp-content\/uploads\/2012\/12\/stempel.png\" \/><\/div>\n<p><\/p>","protected":false},"excerpt":{"rendered":"<p>De Hedera Das Bed &#038; Breakfast de Hedera liegt nur 5 Minuten vom unterhaltsamen Zentrum Leeuwardens entfernt. Wir bieten sowohl Touristen, Romantikern und Gesch\u00e4ftsreisenden einen idealen Ort f\u00fcr einen warmen und stimmungsvollen Aufenthalt in einem der luxori\u00f6s eingerichteten Zimmer mit ausreichender Privatsph\u00e4re.<\/p>\n","protected":false},"author":1,"featured_media":0,"parent":0,"menu_order":0,"comment_status":"open","ping_status":"open","template":"page-home.php","meta":{"_acf_changed":false,"footnotes":""},"class_list":["post-4","page","type-page","status-publish","hentry"],"acf":[],"yoast_head":"<!-- This site is optimized with the Yoast SEO plugin v27.5 - https:\/\/yoast.com\/product\/yoast-seo-wordpress\/ -->\n<title>Bed and Breakfast Leeuwarden - De Hedera<\/title>\n<meta name=\"description\" content=\"Geniet van onze royale en luxueus ingerichte kamers bij Bed &amp; Breakfast de Hedera in Leeuwarden.\" \/>\n<meta name=\"robots\" content=\"index, follow, max-snippet:-1, max-image-preview:large, max-video-preview:-1\" \/>\n<link rel=\"canonical\" href=\"https:\/\/www.dehedera.nl\/de\/\" \/>\n<meta property=\"og:locale\" content=\"de_DE\" \/>\n<meta property=\"og:type\" content=\"article\" \/>\n<meta property=\"og:title\" content=\"Bed and Breakfast Leeuwarden - De Hedera\" \/>\n<meta property=\"og:description\" content=\"Geniet van onze royale en luxueus ingerichte kamers bij Bed &amp; Breakfast de Hedera in Leeuwarden.\" \/>\n<meta property=\"og:url\" content=\"https:\/\/www.dehedera.nl\/de\/\" \/>\n<meta property=\"og:site_name\" content=\"De Hedera Leeuwarden\" \/>\n<meta property=\"article:modified_time\" content=\"2018-08-06T19:04:58+00:00\" \/>\n<meta property=\"og:image\" content=\"http:\/\/www.dehedera.nl\/friksbeheer\/wp-content\/uploads\/2012\/12\/als-eerste.jpg\" \/>\n<meta name=\"twitter:label1\" content=\"Gesch\u00e4tzte Lesezeit\" \/>\n\t<meta name=\"twitter:data1\" content=\"1\u00a0Minute\" \/>\n<script type=\"application\/ld+json\" class=\"yoast-schema-graph\">{\"@context\":\"https:\\\/\\\/schema.org\",\"@graph\":[{\"@type\":\"WebPage\",\"@id\":\"https:\\\/\\\/www.dehedera.nl\\\/de\\\/\",\"url\":\"https:\\\/\\\/www.dehedera.nl\\\/de\\\/\",\"name\":\"Bed and Breakfast Leeuwarden - De Hedera\",\"isPartOf\":{\"@id\":\"https:\\\/\\\/www.dehedera.nl\\\/de\\\/#website\"},\"primaryImageOfPage\":{\"@id\":\"https:\\\/\\\/www.dehedera.nl\\\/de\\\/#primaryimage\"},\"image\":{\"@id\":\"https:\\\/\\\/www.dehedera.nl\\\/#primaryimage\"},\"thumbnailUrl\":\"http:\\\/\\\/www.dehedera.nl\\\/friksbeheer\\\/wp-content\\\/uploads\\\/2012\\\/12\\\/als-eerste.jpg\",\"datePublished\":\"2012-12-12T10:22:19+00:00\",\"dateModified\":\"2018-08-06T19:04:58+00:00\",\"description\":\"Geniet van onze royale en luxueus ingerichte kamers bij Bed & Breakfast de Hedera in Leeuwarden.\",\"breadcrumb\":{\"@id\":\"https:\\\/\\\/www.dehedera.nl\\\/de\\\/#breadcrumb\"},\"inLanguage\":\"de\",\"potentialAction\":[{\"@type\":\"ReadAction\",\"target\":[[\"https:\\\/\\\/www.dehedera.nl\\\/de\\\/\"]]}]},{\"@type\":\"ImageObject\",\"inLanguage\":\"de\",\"@id\":\"https:\\\/\\\/www.dehedera.nl\\\/de\\\/#primaryimage\",\"url\":\"http:\\\/\\\/www.dehedera.nl\\\/friksbeheer\\\/wp-content\\\/uploads\\\/2012\\\/12\\\/als-eerste.jpg\",\"contentUrl\":\"http:\\\/\\\/www.dehedera.nl\\\/friksbeheer\\\/wp-content\\\/uploads\\\/2012\\\/12\\\/als-eerste.jpg\"},{\"@type\":\"BreadcrumbList\",\"@id\":\"https:\\\/\\\/www.dehedera.nl\\\/de\\\/#breadcrumb\",\"itemListElement\":[{\"@type\":\"ListItem\",\"position\":1,\"name\":\"Home\",\"item\":\"https:\\\/\\\/www.dehedera.nl\\\/de\\\/\"},{\"@type\":\"ListItem\",\"position\":2,\"name\":\"Bed and Breakfast, Leeuwarden\"}]},{\"@type\":\"WebSite\",\"@id\":\"https:\\\/\\\/www.dehedera.nl\\\/de\\\/#website\",\"url\":\"https:\\\/\\\/www.dehedera.nl\\\/de\\\/\",\"name\":\"De Hedera Leeuwarden\",\"description\":\"Bed and Breakfast\",\"potentialAction\":[{\"@type\":\"SearchAction\",\"target\":{\"@type\":\"EntryPoint\",\"urlTemplate\":\"https:\\\/\\\/www.dehedera.nl\\\/de\\\/?s={search_term_string}\"},\"query-input\":{\"@type\":\"PropertyValueSpecification\",\"valueRequired\":true,\"valueName\":\"search_term_string\"}}],\"inLanguage\":\"de\"}]}<\/script>\n<!-- \/ Yoast SEO plugin. -->","yoast_head_json":{"title":"Bed and Breakfast Leeuwarden - De Hedera","description":"Geniet van onze royale en luxueus ingerichte kamers bij Bed & Breakfast de Hedera in Leeuwarden.","robots":{"index":"index","follow":"follow","max-snippet":"max-snippet:-1","max-image-preview":"max-image-preview:large","max-video-preview":"max-video-preview:-1"},"canonical":"https:\/\/www.dehedera.nl\/de\/","og_locale":"de_DE","og_type":"article","og_title":"Bed and Breakfast Leeuwarden - De Hedera","og_description":"Geniet van onze royale en luxueus ingerichte kamers bij Bed & Breakfast de Hedera in Leeuwarden.","og_url":"https:\/\/www.dehedera.nl\/de\/","og_site_name":"De Hedera Leeuwarden","article_modified_time":"2018-08-06T19:04:58+00:00","og_image":[{"url":"http:\/\/www.dehedera.nl\/friksbeheer\/wp-content\/uploads\/2012\/12\/als-eerste.jpg","type":"","width":"","height":""}],"twitter_misc":{"Gesch\u00e4tzte Lesezeit":"1\u00a0Minute"},"schema":{"@context":"https:\/\/schema.org","@graph":[{"@type":"WebPage","@id":"https:\/\/www.dehedera.nl\/de\/","url":"https:\/\/www.dehedera.nl\/de\/","name":"Bed and Breakfast Leeuwarden - De Hedera","isPartOf":{"@id":"https:\/\/www.dehedera.nl\/de\/#website"},"primaryImageOfPage":{"@id":"https:\/\/www.dehedera.nl\/de\/#primaryimage"},"image":{"@id":"https:\/\/www.dehedera.nl\/#primaryimage"},"thumbnailUrl":"http:\/\/www.dehedera.nl\/friksbeheer\/wp-content\/uploads\/2012\/12\/als-eerste.jpg","datePublished":"2012-12-12T10:22:19+00:00","dateModified":"2018-08-06T19:04:58+00:00","description":"Geniet van onze royale en luxueus ingerichte kamers bij Bed & Breakfast de Hedera in Leeuwarden.","breadcrumb":{"@id":"https:\/\/www.dehedera.nl\/de\/#breadcrumb"},"inLanguage":"de","potentialAction":[{"@type":"ReadAction","target":[["https:\/\/www.dehedera.nl\/de\/"]]}]},{"@type":"ImageObject","inLanguage":"de","@id":"https:\/\/www.dehedera.nl\/de\/#primaryimage","url":"http:\/\/www.dehedera.nl\/friksbeheer\/wp-content\/uploads\/2012\/12\/als-eerste.jpg","contentUrl":"http:\/\/www.dehedera.nl\/friksbeheer\/wp-content\/uploads\/2012\/12\/als-eerste.jpg"},{"@type":"BreadcrumbList","@id":"https:\/\/www.dehedera.nl\/de\/#breadcrumb","itemListElement":[{"@type":"ListItem","position":1,"name":"Home","item":"https:\/\/www.dehedera.nl\/de\/"},{"@type":"ListItem","position":2,"name":"Bed and Breakfast, Leeuwarden"}]},{"@type":"WebSite","@id":"https:\/\/www.dehedera.nl\/de\/#website","url":"https:\/\/www.dehedera.nl\/de\/","name":"De Hedera Leeuwarden","description":"Bed and Breakfast","potentialAction":[{"@type":"SearchAction","target":{"@type":"EntryPoint","urlTemplate":"https:\/\/www.dehedera.nl\/de\/?s={search_term_string}"},"query-input":{"@type":"PropertyValueSpecification","valueRequired":true,"valueName":"search_term_string"}}],"inLanguage":"de"}]}},"_links":{"self":[{"href":"https:\/\/www.dehedera.nl\/de\/wp-json\/wp\/v2\/pages\/4","targetHints":{"allow":["GET"]}}],"collection":[{"href":"https:\/\/www.dehedera.nl\/de\/wp-json\/wp\/v2\/pages"}],"about":[{"href":"https:\/\/www.dehedera.nl\/de\/wp-json\/wp\/v2\/types\/page"}],"author":[{"embeddable":true,"href":"https:\/\/www.dehedera.nl\/de\/wp-json\/wp\/v2\/users\/1"}],"replies":[{"embeddable":true,"href":"https:\/\/www.dehedera.nl\/de\/wp-json\/wp\/v2\/comments?post=4"}],"version-history":[{"count":53,"href":"https:\/\/www.dehedera.nl\/de\/wp-json\/wp\/v2\/pages\/4\/revisions"}],"predecessor-version":[{"id":915,"href":"https:\/\/www.dehedera.nl\/de\/wp-json\/wp\/v2\/pages\/4\/revisions\/915"}],"wp:attachment":[{"href":"https:\/\/www.dehedera.nl\/de\/wp-json\/wp\/v2\/media?parent=4"}],"curies":[{"name":"wp","href":"https:\/\/api.w.org\/{rel}","templated":true}]}}