{"id":58,"date":"2012-12-13T15:43:39","date_gmt":"2012-12-13T15:43:39","guid":{"rendered":"http:\/\/www.dehedera.nl\/?page_id=58"},"modified":"2013-01-28T17:43:58","modified_gmt":"2013-01-28T16:43:58","slug":"lavendel","status":"publish","type":"page","link":"https:\/\/www.dehedera.nl\/de\/kamers\/lavendel\/","title":{"rendered":"Lavendel"},"content":{"rendered":"<p>Die Zimmer sind frisch, stilvoll und komfortabel eingerichtet und befinden sich auf der ersten Etage eines charakteristischen Eckgeb\u00e4udes.<\/p>\n<p>Jedes Zimmer verf\u00fcgt:<\/p>\n<ul>\n<li>\u00dcber herrliche Betten<\/li>\n<li>Waschbecken<\/li>\n<li>Kleiderschrank<\/li>\n<li>Sitzecke<\/li>\n<li>K\u00fchlschrank<\/li>\n<li>Lcd Fernseher mit dvd Spieler<\/li>\n<li>Wasserkocher<\/li>\n<li>Senseo Kaffeemaschine<\/li>\n<\/ul>\n<p>Au\u00dferdem k\u00f6nnen Sie gratis drahtlos im Internet surfen. Im Fr\u00fchst\u00fccksraum steht ein professioneller Kaffeeautomat zu Ihrer Verf\u00fcgung, von dem Sie unbeschr\u00e4nkt Gebrauch machen k\u00f6nnen. Die Gemeinschaftsdusche und \u2013Toilette befindet sich im 1. Stock.<\/p>\n<p>Gemeinschaftlich k\u00f6nnen Sie die Terrasse, die voll mit Efeu bewachsen ist, nutzen. Auch abends kann man sich hier herrlich in der Abendsonne aufhalten. Eins von den Zimmern besitzt einen eigenen romantischen Balkon, auf dem Sie sch\u00f6n die Mittags- und Abendsonne genie\u00dfen k\u00f6nnen.<\/p>\n<ul>\n<li>Bed &amp; Breakfast &#8218; de Hedera&#8216; ist kinderfreundlich. Wir verf\u00fcgen \u00fcber ein Kinderbettchen und einen Kinderstuhl f\u00fcr das Fr\u00fchst\u00fcck.<\/li>\n<li>Innerhalb des Bed and Breakfast &#8218;de Hedera&#8216; darf nicht geraucht werden. Dies ist aber auf de Terrasse m\u00f6glich.<\/li>\n<li>Bed &amp; Breakfast &#8218; de\u00a0 Hedera&#8217;ist f\u00fcr Rollstuhlfahrer geeignet abh\u00e4ngig von dessen Invalidit\u00e4t (eine Treppe).<\/li>\n<\/ul>\n<h2>Fr\u00fchst\u00fcck<\/h2>\n<p>Sie k\u00f6nnen zwischen 8:00 und 11:00 Uhr fr\u00fchst\u00fccken. Das Fr\u00fchst\u00fcck besteht aus diversen Br\u00f6tchen, Orangensaft, Milch, gekochtem Ei, K\u00e4se, Aufschnitt, Fleischwaren und Fr\u00fcchten. Fr\u00fchst\u00fccken ist im Fr\u00fchst\u00fccksraum m\u00f6glich, bei sch\u00f6nem Wetter auf der Terrasse und nat\u00fcrlich k\u00f6nnen Sie auch auf Ihrem eigenen Zimmer fr\u00fchst\u00fccken. Wenn Sie l\u00e4nger bei uns verbleiben, passen wir gerne das Fr\u00fchst\u00fcck nach Ihren W\u00fcnschen an.<\/p>","protected":false},"excerpt":{"rendered":"<p>Die Zimmer sind frisch, stilvoll und komfortabel eingerichtet und befinden sich auf der ersten Etage eines charakteristischen Eckgeb\u00e4udes. Jedes Zimmer verf\u00fcgt: \u00dcber herrliche Betten Waschbecken Kleiderschrank Sitzecke K\u00fchlschrank Lcd Fernseher mit dvd Spieler Wasserkocher Senseo Kaffeemaschine Au\u00dferdem k\u00f6nnen Sie gratis drahtlos im Internet surfen. Im Fr\u00fchst\u00fccksraum steht ein professioneller Kaffeeautomat zu Ihrer Verf\u00fcgung, von dem [&hellip;]<\/p>\n","protected":false},"author":1,"featured_media":0,"parent":8,"menu_order":0,"comment_status":"open","ping_status":"open","template":"","meta":{"_acf_changed":false,"footnotes":""},"class_list":["post-58","page","type-page","status-publish","hentry"],"acf":[],"yoast_head":"<!-- This site is optimized with the Yoast SEO plugin v27.4 - https:\/\/yoast.com\/product\/yoast-seo-wordpress\/ -->\n<title>Lavendel | De Hedera<\/title>\n<meta name=\"description\" content=\"Bekijk onze kamer de Lavendel en kom tot rust in deze sfeervolle kamer van Bed &amp; Breakfast de Hedera in Leeuwarden.\" \/>\n<meta name=\"robots\" content=\"index, follow, max-snippet:-1, max-image-preview:large, max-video-preview:-1\" \/>\n<link rel=\"canonical\" href=\"https:\/\/www.dehedera.nl\/de\/kamers\/lavendel\/\" \/>\n<meta property=\"og:locale\" content=\"de_DE\" \/>\n<meta property=\"og:type\" content=\"article\" \/>\n<meta property=\"og:title\" content=\"Lavendel | De Hedera\" \/>\n<meta property=\"og:description\" content=\"Bekijk onze kamer de Lavendel en kom tot rust in deze sfeervolle kamer van Bed &amp; Breakfast de Hedera in Leeuwarden.\" \/>\n<meta property=\"og:url\" content=\"https:\/\/www.dehedera.nl\/de\/kamers\/lavendel\/\" \/>\n<meta property=\"og:site_name\" content=\"De Hedera Leeuwarden\" \/>\n<meta property=\"article:modified_time\" content=\"2013-01-28T16:43:58+00:00\" \/>\n<meta name=\"twitter:label1\" content=\"Gesch\u00e4tzte Lesezeit\" \/>\n\t<meta name=\"twitter:data1\" content=\"3\u00a0Minuten\" \/>\n<script type=\"application\/ld+json\" class=\"yoast-schema-graph\">{\"@context\":\"https:\\\/\\\/schema.org\",\"@graph\":[{\"@type\":\"WebPage\",\"@id\":\"https:\\\/\\\/www.dehedera.nl\\\/de\\\/kamers\\\/lavendel\\\/\",\"url\":\"https:\\\/\\\/www.dehedera.nl\\\/de\\\/kamers\\\/lavendel\\\/\",\"name\":\"Lavendel | De Hedera\",\"isPartOf\":{\"@id\":\"https:\\\/\\\/www.dehedera.nl\\\/de\\\/#website\"},\"datePublished\":\"2012-12-13T15:43:39+00:00\",\"dateModified\":\"2013-01-28T16:43:58+00:00\",\"description\":\"Bekijk onze kamer de Lavendel en kom tot rust in deze sfeervolle kamer van Bed & Breakfast de Hedera in Leeuwarden.\",\"breadcrumb\":{\"@id\":\"https:\\\/\\\/www.dehedera.nl\\\/de\\\/kamers\\\/lavendel\\\/#breadcrumb\"},\"inLanguage\":\"de\",\"potentialAction\":[{\"@type\":\"ReadAction\",\"target\":[[\"https:\\\/\\\/www.dehedera.nl\\\/de\\\/kamers\\\/lavendel\\\/\"]]}]},{\"@type\":\"BreadcrumbList\",\"@id\":\"https:\\\/\\\/www.dehedera.nl\\\/de\\\/kamers\\\/lavendel\\\/#breadcrumb\",\"itemListElement\":[{\"@type\":\"ListItem\",\"position\":1,\"name\":\"Home\",\"item\":\"https:\\\/\\\/www.dehedera.nl\\\/de\\\/\"},{\"@type\":\"ListItem\",\"position\":2,\"name\":\"Kamers\",\"item\":\"https:\\\/\\\/www.dehedera.nl\\\/de\\\/kamers\\\/\"},{\"@type\":\"ListItem\",\"position\":3,\"name\":\"Lavendel\"}]},{\"@type\":\"WebSite\",\"@id\":\"https:\\\/\\\/www.dehedera.nl\\\/de\\\/#website\",\"url\":\"https:\\\/\\\/www.dehedera.nl\\\/de\\\/\",\"name\":\"De Hedera Leeuwarden\",\"description\":\"Bed and Breakfast\",\"potentialAction\":[{\"@type\":\"SearchAction\",\"target\":{\"@type\":\"EntryPoint\",\"urlTemplate\":\"https:\\\/\\\/www.dehedera.nl\\\/de\\\/?s={search_term_string}\"},\"query-input\":{\"@type\":\"PropertyValueSpecification\",\"valueRequired\":true,\"valueName\":\"search_term_string\"}}],\"inLanguage\":\"de\"}]}<\/script>\n<!-- \/ Yoast SEO plugin. -->","yoast_head_json":{"title":"Lavendel | De Hedera","description":"Bekijk onze kamer de Lavendel en kom tot rust in deze sfeervolle kamer van Bed & Breakfast de Hedera in Leeuwarden.","robots":{"index":"index","follow":"follow","max-snippet":"max-snippet:-1","max-image-preview":"max-image-preview:large","max-video-preview":"max-video-preview:-1"},"canonical":"https:\/\/www.dehedera.nl\/de\/kamers\/lavendel\/","og_locale":"de_DE","og_type":"article","og_title":"Lavendel | De Hedera","og_description":"Bekijk onze kamer de Lavendel en kom tot rust in deze sfeervolle kamer van Bed & Breakfast de Hedera in Leeuwarden.","og_url":"https:\/\/www.dehedera.nl\/de\/kamers\/lavendel\/","og_site_name":"De Hedera Leeuwarden","article_modified_time":"2013-01-28T16:43:58+00:00","twitter_misc":{"Gesch\u00e4tzte Lesezeit":"3\u00a0Minuten"},"schema":{"@context":"https:\/\/schema.org","@graph":[{"@type":"WebPage","@id":"https:\/\/www.dehedera.nl\/de\/kamers\/lavendel\/","url":"https:\/\/www.dehedera.nl\/de\/kamers\/lavendel\/","name":"Lavendel | De Hedera","isPartOf":{"@id":"https:\/\/www.dehedera.nl\/de\/#website"},"datePublished":"2012-12-13T15:43:39+00:00","dateModified":"2013-01-28T16:43:58+00:00","description":"Bekijk onze kamer de Lavendel en kom tot rust in deze sfeervolle kamer van Bed & Breakfast de Hedera in Leeuwarden.","breadcrumb":{"@id":"https:\/\/www.dehedera.nl\/de\/kamers\/lavendel\/#breadcrumb"},"inLanguage":"de","potentialAction":[{"@type":"ReadAction","target":[["https:\/\/www.dehedera.nl\/de\/kamers\/lavendel\/"]]}]},{"@type":"BreadcrumbList","@id":"https:\/\/www.dehedera.nl\/de\/kamers\/lavendel\/#breadcrumb","itemListElement":[{"@type":"ListItem","position":1,"name":"Home","item":"https:\/\/www.dehedera.nl\/de\/"},{"@type":"ListItem","position":2,"name":"Kamers","item":"https:\/\/www.dehedera.nl\/de\/kamers\/"},{"@type":"ListItem","position":3,"name":"Lavendel"}]},{"@type":"WebSite","@id":"https:\/\/www.dehedera.nl\/de\/#website","url":"https:\/\/www.dehedera.nl\/de\/","name":"De Hedera Leeuwarden","description":"Bed and Breakfast","potentialAction":[{"@type":"SearchAction","target":{"@type":"EntryPoint","urlTemplate":"https:\/\/www.dehedera.nl\/de\/?s={search_term_string}"},"query-input":{"@type":"PropertyValueSpecification","valueRequired":true,"valueName":"search_term_string"}}],"inLanguage":"de"}]}},"_links":{"self":[{"href":"https:\/\/www.dehedera.nl\/de\/wp-json\/wp\/v2\/pages\/58","targetHints":{"allow":["GET"]}}],"collection":[{"href":"https:\/\/www.dehedera.nl\/de\/wp-json\/wp\/v2\/pages"}],"about":[{"href":"https:\/\/www.dehedera.nl\/de\/wp-json\/wp\/v2\/types\/page"}],"author":[{"embeddable":true,"href":"https:\/\/www.dehedera.nl\/de\/wp-json\/wp\/v2\/users\/1"}],"replies":[{"embeddable":true,"href":"https:\/\/www.dehedera.nl\/de\/wp-json\/wp\/v2\/comments?post=58"}],"version-history":[{"count":18,"href":"https:\/\/www.dehedera.nl\/de\/wp-json\/wp\/v2\/pages\/58\/revisions"}],"predecessor-version":[{"id":329,"href":"https:\/\/www.dehedera.nl\/de\/wp-json\/wp\/v2\/pages\/58\/revisions\/329"}],"up":[{"embeddable":true,"href":"https:\/\/www.dehedera.nl\/de\/wp-json\/wp\/v2\/pages\/8"}],"wp:attachment":[{"href":"https:\/\/www.dehedera.nl\/de\/wp-json\/wp\/v2\/media?parent=58"}],"curies":[{"name":"wp","href":"https:\/\/api.w.org\/{rel}","templated":true}]}}